{"id":10342,"date":"2026-04-15T18:28:27","date_gmt":"2026-04-15T18:28:27","guid":{"rendered":"https:\/\/www.islamorena.com.co\/?page_id=10342"},"modified":"2026-04-16T22:08:17","modified_gmt":"2026-04-16T22:08:17","slug":"reserva","status":"publish","type":"page","link":"https:\/\/www.islamorena.com.co\/en\/reserva\/","title":{"rendered":"Reserva"},"content":{"rendered":"<div data-elementor-type=\"wp-page\" data-elementor-id=\"10342\" class=\"elementor elementor-10342\" data-elementor-post-type=\"page\">\n\t\t\t\t<div class=\"elementor-element elementor-element-ed4f56b e-flex e-con-boxed e-con e-parent\" data-id=\"ed4f56b\" data-element_type=\"container\" data-e-type=\"container\">\n\t\t\t\t\t<div class=\"e-con-inner\">\n\t\t<div class=\"elementor-element elementor-element-d717e87 e-con-full e-flex e-con e-child\" data-id=\"d717e87\" data-element_type=\"container\" data-e-type=\"container\">\n\t\t\t\t<div class=\"elementor-element elementor-element-e0deb7c elementor-widget elementor-widget-image\" data-id=\"e0deb7c\" data-element_type=\"widget\" data-e-type=\"widget\" data-widget_type=\"image.default\">\n\t\t\t\t\t\t\t\t\t\t\t\t\t\t\t<img fetchpriority=\"high\" decoding=\"async\" width=\"1024\" height=\"683\" src=\"https:\/\/www.islamorena.com.co\/wp-content\/uploads\/2026\/04\/reserva-1024x683.png\" class=\"attachment-large size-large wp-image-10379\" alt=\"\" srcset=\"https:\/\/www.islamorena.com.co\/wp-content\/uploads\/2026\/04\/reserva-1024x683.png 1024w, https:\/\/www.islamorena.com.co\/wp-content\/uploads\/2026\/04\/reserva-300x200.png 300w, https:\/\/www.islamorena.com.co\/wp-content\/uploads\/2026\/04\/reserva-768x512.png 768w, https:\/\/www.islamorena.com.co\/wp-content\/uploads\/2026\/04\/reserva-18x12.png 18w, https:\/\/www.islamorena.com.co\/wp-content\/uploads\/2026\/04\/reserva-860x574.png 860w, https:\/\/www.islamorena.com.co\/wp-content\/uploads\/2026\/04\/reserva-1300x867.png 1300w, https:\/\/www.islamorena.com.co\/wp-content\/uploads\/2026\/04\/reserva-600x400.png 600w, https:\/\/www.islamorena.com.co\/wp-content\/uploads\/2026\/04\/reserva.png 1536w\" sizes=\"(max-width: 1024px) 100vw, 1024px\" \/>\t\t\t\t\t\t\t\t\t\t\t\t\t\t\t<\/div>\n\t\t\t\t<div class=\"elementor-element elementor-element-b7a9746 elementor-widget elementor-widget-text-editor\" data-id=\"b7a9746\" data-element_type=\"widget\" data-e-type=\"widget\" data-widget_type=\"text-editor.default\">\n\t\t\t\t\t\t\t\t\t<p class=\"isSelectedEnd\"><strong>\u00bfC\u00f3mo realizar una reserva de la caba\u00f1a?<\/strong><\/p><p class=\"isSelectedEnd\">Reservar tu estad\u00eda es un proceso sencillo e intuitivo. A continuaci\u00f3n, te explicamos paso a paso c\u00f3mo hacerlo desde el momento en que haces clic en el bot\u00f3n de reserva:<\/p><ol start=\"1\" data-spread=\"true\"><li><strong>Haz clic en el bot\u00f3n \u201cReservar\u201d<\/strong><br \/>Al dar clic, se abrir\u00e1 autom\u00e1ticamente una ventana emergente (popup) donde podr\u00e1s gestionar tu reserva.<\/li><li><p class=\"isSelectedEnd\"><strong>Consulta la disponibilidad en el calendario<\/strong><br \/>Dentro del popup encontrar\u00e1s un calendario interactivo. All\u00ed podr\u00e1s visualizar las fechas disponibles y seleccionar:<\/p><ul data-spread=\"false\"><li>Fecha de ingreso<\/li><li>Fecha de salida<\/li><\/ul><p class=\"isSelectedEnd\">Las fechas no disponibles aparecer\u00e1n bloqueadas, lo que te permite elegir f\u00e1cilmente tu estad\u00eda sin errores.<\/p><\/li><li><strong>Selecciona las fechas de tu estad\u00eda<\/strong><br \/>Haz clic primero en el d\u00eda de llegada y luego en el d\u00eda de salida. El sistema calcular\u00e1 autom\u00e1ticamente la duraci\u00f3n de tu reserva.<\/li><li><strong>Completa el formulario de reserva<\/strong><br \/>Una vez elegidas las fechas, deber\u00e1s ingresar tus datos en el formulario, como:<\/li><li><ul data-spread=\"false\"><li>Nombre completo<\/li><li>Correo electr\u00f3nico<\/li><li>N\u00famero de contacto<\/li><li>Cantidad de personas (si aplica)<\/li><li>Informaci\u00f3n adicional o solicitudes especiales<\/li><\/ul><\/li><li><strong>Revisa el resumen de la reserva<\/strong><br \/>Antes de enviar, podr\u00e1s verificar los detalles de tu estad\u00eda, incluyendo fechas seleccionadas y datos ingresados.<\/li><li><strong>Env\u00eda tu solicitud de reserva<\/strong><br \/>Haz clic en el bot\u00f3n de confirmaci\u00f3n para enviar la solicitud. El sistema registrar\u00e1 tu reserva y recibir\u00e1s una notificaci\u00f3n o confirmaci\u00f3n a trav\u00e9s de los datos proporcionados.<\/li><li><strong>Confirmaci\u00f3n final<\/strong><br \/>Posteriormente, el equipo de la caba\u00f1a se pondr\u00e1 en contacto contigo para confirmar la disponibilidad definitiva, coordinar el pago y brindarte toda la informaci\u00f3n necesaria para tu estad\u00eda.<\/li><\/ol><div contenteditable=\"false\"><hr \/><\/div><p>Este proceso est\u00e1 dise\u00f1ado para ser r\u00e1pido, claro y seguro, permiti\u00e9ndote reservar en pocos minutos.<\/p>\t\t\t\t\t\t\t\t<\/div>\n\t\t\t\t<\/div>\n\t\t\t\t\t<\/div>\n\t\t\t\t<\/div>\n\t\t\t\t<\/div>","protected":false},"excerpt":{"rendered":"<p>\u00bfC\u00f3mo realizar una reserva de la caba\u00f1a? Reservar tu estad\u00eda es un proceso sencillo e intuitivo. A continuaci\u00f3n, te explicamos paso a paso c\u00f3mo hacerlo desde el momento en que haces clic en el bot\u00f3n de reserva: Haz clic en el bot\u00f3n \u201cReservar\u201dAl dar clic, se abrir\u00e1 autom\u00e1ticamente una ventana emergente (popup) donde podr\u00e1s gestionar [&hellip;]<\/p>\n","protected":false},"author":1,"featured_media":0,"parent":0,"menu_order":0,"comment_status":"closed","ping_status":"closed","template":"","meta":{"inline_featured_image":false,"footnotes":""},"class_list":["post-10342","page","type-page","status-publish","hentry"],"aioseo_notices":[],"_links":{"self":[{"href":"https:\/\/www.islamorena.com.co\/en\/wp-json\/wp\/v2\/pages\/10342","targetHints":{"allow":["GET"]}}],"collection":[{"href":"https:\/\/www.islamorena.com.co\/en\/wp-json\/wp\/v2\/pages"}],"about":[{"href":"https:\/\/www.islamorena.com.co\/en\/wp-json\/wp\/v2\/types\/page"}],"author":[{"embeddable":true,"href":"https:\/\/www.islamorena.com.co\/en\/wp-json\/wp\/v2\/users\/1"}],"replies":[{"embeddable":true,"href":"https:\/\/www.islamorena.com.co\/en\/wp-json\/wp\/v2\/comments?post=10342"}],"version-history":[{"count":16,"href":"https:\/\/www.islamorena.com.co\/en\/wp-json\/wp\/v2\/pages\/10342\/revisions"}],"predecessor-version":[{"id":10382,"href":"https:\/\/www.islamorena.com.co\/en\/wp-json\/wp\/v2\/pages\/10342\/revisions\/10382"}],"wp:attachment":[{"href":"https:\/\/www.islamorena.com.co\/en\/wp-json\/wp\/v2\/media?parent=10342"}],"curies":[{"name":"wp","href":"https:\/\/api.w.org\/{rel}","templated":true}]}}